{"id":34,"date":"2022-04-19T08:04:35","date_gmt":"2022-04-19T08:04:35","guid":{"rendered":"http:\/\/65.21.245.109\/?page_id=34"},"modified":"2023-11-17T15:05:15","modified_gmt":"2023-11-17T13:05:15","slug":"opci-uvjeti-poslovanja","status":"publish","type":"page","link":"https:\/\/cpg.studio\/sl\/opci-uvjeti-poslovanja\/","title":{"rendered":"Op\u0107i uvjeti poslovanja"},"content":{"rendered":"<div data-elementor-type=\"wp-page\" data-elementor-id=\"34\" class=\"elementor elementor-34\">\n\t\t\t\t\t\t<section class=\"elementor-section elementor-top-section elementor-element elementor-element-57f5280 elementor-section-boxed elementor-section-height-default elementor-section-height-default\" data-id=\"57f5280\" data-element_type=\"section\" data-e-type=\"section\" data-settings=\"{&quot;background_background&quot;:&quot;classic&quot;}\">\n\t\t\t\t\t\t<div class=\"elementor-container elementor-column-gap-default\">\n\t\t\t\t\t<div class=\"elementor-column elementor-col-100 elementor-top-column elementor-element elementor-element-ec928f5\" data-id=\"ec928f5\" data-element_type=\"column\" data-e-type=\"column\" data-settings=\"{&quot;background_background&quot;:&quot;classic&quot;}\">\n\t\t\t<div class=\"elementor-widget-wrap elementor-element-populated\">\n\t\t\t\t\t\t<div class=\"elementor-element elementor-element-59ec79f elementor-widget elementor-widget-text-editor\" data-id=\"59ec79f\" data-element_type=\"widget\" data-e-type=\"widget\" data-widget_type=\"text-editor.default\">\n\t\t\t\t<div class=\"elementor-widget-container\">\n\t\t\t\t\t\t\t\t\t<p><strong>1. Op\u0107enito<\/strong><\/p>\n<p>Produkcija Studio C.P.G. d.o.o. online pru\u017ea uslugu putem internet stranica na domeni <a href=\"https:\/\/cpg.studio\/sl\/\">https:\/\/cpg.studio\/<\/a>. Usluga se sastoji od pretra\u017eivanja, slu\u0161anja, glazbenih sadr\u017eaja koji se nalaze na internet stranici.<\/p>\n<p>Krajnji korisnik ima mogu\u0107nost preslu\u0161avanja dijela glazbene kolekcije dostupne na internet stranici bez sklapanja ugovora s Produkcijom Studio C.P.G. d.o.o.<\/p>\n<p>Radi kori\u0161tenja internet stranice u punom opsegu krajnji korisnik mora imati sklopljen ugovor o kori\u0161tenju glazbenih djela sa Produkcijom Studio C.P.G. d.o.o.<\/p>\n<p>Po sklapanju ugovora, krajnji korisnik dobiva podatke potrebne za pristup internetskim stranicama u punom opsegu.<\/p>\n<p>Ovi uvjeti kori\u0161tenja propisuju uvjete i pravila koji se odnose na kori\u0161tenje internetskih stranica&nbsp;<a href=\"https:\/\/cpg.studio\/sl\/\" target=\"_blank\">https:\/\/cpg.studio\/<\/a>&nbsp;od strane krajnjih korisnika.<\/p>\n<p>Kori\u0161tenjem ovih internetskih stranica (izuzev u slu\u010daju prvog \u010ditanja ovih uvjeta), krajnji korisnici iskazuju da se sla\u017eu s ovdje iznesenim uvjetima i pravilima te pristaju na kori\u0161tenje internetskih stranica u skladu s njima.<\/p>\n<p>Pravo kori\u0161tenja ovih internetskih stranica osobno je pravo krajnjeg korisnika i ne mo\u017ee se ni na koji na\u010din prenositi na druge fizi\u010dke ili pravne osobe.<\/p>\n<p>Krajnji korisnik, osobno je odgovoran za za\u0161titu povjerljivosti zaporki, na mjestima gdje one kao takve postoje.<\/p>\n<p>Krajnji korisnik je upoznat sa \u010dinjenicom da, iako je internet op\u0107enito sigurna okolina, ponekad dolazi do prekida usluga ili do doga\u0111aja koji su izvan kontrole tvrtke.<\/p>\n<p>Produkcija Studio C.P.G. d.o.o. ne mo\u017ee biti odgovoran za bilo kakav gubitak podataka do kojeg mo\u017ee do\u0107i za vrijeme prijenosa informacija na internetu.<\/p>\n<p>Internetske stranice ponekad mo\u017eda ne\u0107e biti dostupne zbog bilo kojeg razloga, uklju\u010duju\u0107i i njihovo rutinsko odr\u017eavanje.<\/p>\n<p>Krajnji korisnik se sla\u017ee i prihva\u0107a da zbog razloga, koji su kako pod, tako i izvan kontrole tvrtke, pristup internetskim stranicama ponekad mo\u017ee biti u prekidu, privremeno nedostupan ili isklju\u010den.<\/p>\n<p>Produkcija Studio C.P.G. d.o.o. zadr\u017eava pravo u bilo kojem trenutku izmijeniti ili ukinuti bilo koji segment poslovanja, uklju\u010duju\u0107i i bez ograni\u010denja sadr\u017eaj, vrijeme dostupnosti, kao i opremu potrebnu za pristup ili kori\u0161tenje stranica.<\/p>\n<p>Kori\u0161tenjem ovih internetskih stranica izjavljujete da ste upoznati i suglasni s ovdje iznesenim uvjetima kori\u0161tenja i pravilima.<\/p>\n<p>Ukoliko se s ovdje navedenim uvjetima kori\u0161tenja i pravilima ne sla\u017eete, molimo vas da se suzdr\u017eite od uporabe ovih internetskih stranica.<\/p>\n<p>Produkcija Studio C.P.G. d.o.o. zadr\u017eava pravo u bilo kojem trenutku i bez prethodne obavijesti, ukoliko to smatra potrebnim, ukinuti ili izmijeniti bilo koji od ovdje navedenih Uvjeta kori\u0161tenja i\/ili Izjavu o povjerljivosti podataka.<\/p>\n<p>Bilo kakva izmjena ili brisanje uvjeta i pravila kori\u0161tenja stupit \u0107e na snagu odmah nakon \u0161to bude objavljena na stranicama.<\/p>\n<p>Bilo kakvo kori\u0161tenje ovih internetskih stranica od strane krajnjeg korisnika nakon takve obavijesti podrazumijevat \u0107e se kao prihva\u0107anje tih promjena.<\/p>\n<p><strong>2. Oprema<\/strong><\/p>\n<p>Krajnji je korisnik odgovoran za nabavu i odr\u017eavanje svoje ra\u010dunalne opreme, uklju\u010duju\u0107i sav softver i hardver koji posjeduje i koji koristi, kao i drugu opremu potrebnu za pristup i kori\u0161tenje ovih internetskih stranica te sve sa tim povezane tro\u0161kove.<\/p>\n<p>Produkcija Studio C.P.G. d.o.o. nije odgovoran za bilo kakva o\u0161te\u0107enja opreme krajnjeg korisnika koja mogu nastati kao posljedica kori\u0161tenja ovih internetskih stranica.<\/p>\n<p>Za kori\u0161tenje ovih internetskih stranica krajnji korisnik mora imati pristup internetu, te svu nu\u017enu opremu da bi se glazba emitirala u \u017eeljenom prostoru.<\/p>\n<p><strong>2.1 Upute za kori\u0161tenje<\/strong><\/p>\n<p>1. Minimalna konfiguracija va\u0161eg ure\u0111aja (PC, laptop, tablet) za stabilan rad CPG stream-a: procesor snage 2 GHz, 1 GB.<br>2. Obavezno koristiti LAN vezu na va\u0161em ra\u010dunalu uz minimalni pristup internetu od 1 Mbps.<br>3. C.P.G. preporu\u010duje obavezno kori\u0161tenje Google Chrome internet preglednika za stabilan rad C.P.G. stream servisa (zadnja dostupna verzija na webu).<br>4. U preglednik upi\u0161ite naziv va\u0161eg C.P.G. stream servera.<br>5. Unijeti va\u0161e korisni\u010dko ime i lozinku u za to predvi\u0111ena polja:<br>&nbsp; &nbsp; a. ne spremajte zaporku za web-lokaciju C.P.G. streama na va\u0161em internet pregledniku<br>&nbsp; &nbsp; b. spremanje stranice u favorite obavezno prije nego ste prijavljeni u sustav<br>6. Pokrenuti neku od dostupnih playlista u gornjem izborniku.<br>7. Obavezno onemogu\u0107ite hibernaciju i bilo kakvu vrstu sleep modea na va\u0161em ra\u010dunalu ili tabletu.<br>8. Ukoliko vam se ne prikazuje player nakon odabira playlisti, molim vas da provjerite s va\u0161om IT tehni\u010dkom podr\u0161kom sljede\u0107e:<br>&nbsp; &nbsp; a. propu\u0161ten promet kroz vatrozid (port 8000)<br>&nbsp; &nbsp; b. antivirus blokira pristup C.P.G. streamu (za\u0161tita web stranica)<br>&nbsp; &nbsp; c. uklju\u010den update antivirusa tokom radnog vremena<br>&nbsp; &nbsp; d. provjeriti ispravnost upisane adrese web stranice? (vidi to\u010dku br. 4.)<br>9. Na kraju radnog vremena obavezno se odjaviti (Log out) iz sustava C.P.G. stream sustava.<br>10. Koristiti va\u0161e ra\u010dunalo po mogu\u0107nosti isklju\u010divo za C.P.G. stream, eventualno i za fiskalnu blagajnu.<br>&nbsp; &nbsp; &nbsp; a. vi\u0161e otvorenih web stranica, video sadr\u017eaja, i dru\u0161tvenih mre\u017ea, ometa rad C.P.G. stream sustava<br>11. Ukoliko vam se prekine stream molimo vas da se ponovno prijavite u sustav i pokrenete stream:<br>&nbsp; &nbsp; &nbsp; a. ako i nakon toga stream ne radi, molimo kontaktirajte va\u0161u IT tehni\u010dku podr\u0161ku kako biste provjerili sljede\u0107e:<br>&nbsp; &nbsp; &nbsp; &nbsp; &nbsp; &#8211; status pristupa internetu putem korisni\u010dkog ra\u010dunala<br>&nbsp; &nbsp; &nbsp; &nbsp; &nbsp; &#8211; stabilnost rada korisni\u010dkog ra\u010dunala i internet preglednika (Google Chrome) sukladno zahtjevima stream servera<br>&nbsp; &nbsp; &nbsp; &nbsp; &nbsp; &#8211; IT slu\u017eba neka provjeri pod stavkom broj 8. to\u010dke a, b i c<br>&nbsp; &nbsp; &nbsp; b. ako i nakon toga stream ne radi molimo vas da va\u0161a IT tehni\u010dka podr\u0161ka kontaktira na\u0161u C.P.G. podr\u0161ku<\/p>\n<p><strong>3. Pona\u0161anje krajnjeg korisnika<\/strong><\/p>\n<p>Ove internetske stranice privatno su vlasni\u0161tvo. Sva me\u0111usobna komunikacija i interakcija koja se odvija putem ovih internetskih stranica mora biti u skladu s ovim Uvjetima kori\u0161tenja.<\/p>\n<p>Kori\u0161tenje ovih internetskih stranica mora biti u skladu s pozitivnim propisima Republike Hrvatske.<\/p>\n<p>Krajnji korisnici ne smiju putem ovih internetskih stranica objavljivati ili prenositi bilo kakve materijale koji ugro\u017eavaju ili na bilo koji na\u010din kr\u0161e prava drugih, bilo kakav materijal koji je po svojoj prirodi nezakonit, ugro\u017eavaju\u0107i, uvredljiv, klevetni\u010dki, koji naru\u0161ava ili ugro\u017eava privatnost, koji je vulgaran, opscen ili na drugi na\u010din nepo\u017eeljan u odmjerenoj komunikaciji, koji poti\u010de na protupravne aktivnosti ili na drugi na\u010din kr\u0161i bilo koji propis te koji, bez izri\u010ditog, prethodnog, pismenog odobrenja tvrtke sadr\u017ei ogla\u0161avanje ili ponudu bilo \u010dijih proizvoda i usluga.<\/p>\n<p>Bilo kakvo pona\u0161anje krajnjih korisnika, koje prema diskrecijskoj ocjeni tvrtke, ograni\u010dava ili onemogu\u0107uje bilo kojeg drugog krajnjeg korisnika u kori\u0161tenju ovim internetskim stranicama strogo je zabranjeno.<\/p>\n<p>Krajnji korisnik ne smije koristiti ove internetske stranice za ogla\u0161avanje ili izvo\u0111enje bilo kakve komercijalne, vjerske, politi\u010dke, ili nekomercijalne promid\u017ebe, uklju\u010duju\u0107i pozivanje korisnika ovih internetskih stranica na to da postanu \u010dlanovi druge online ili offline usluge, koja predstavlja direktnu ili indirektnu konkurenciju ili potencijalnu konkurenciju tvrtki.<\/p>\n<p><strong>4. Intelektualno vlasni\u0161tvo<\/strong><\/p>\n<p>Svi materijali koji se nalaze na ovim internetskim stranicama ekskluzivno su pravo tvrtke Produkcija Studio C.P.G. d.o.o. ili se koriste uz izri\u010dito odobrenje nositelja autorskih prava te nositelja prava na \u017eigovima i\/ili dizajnu.<\/p>\n<p>Bilo kakvo kopiranje, distribucija, prijenos, objavljivanje, povezivanje, dubinsko povezivanje ili mijenjanje na drugi na\u010din ovih internetskih stranica bez izri\u010ditog pismenog odobrenja tvrtke Produkcija Studio C.P.G. d.o.o. strogo je zabranjeno.<\/p>\n<p>Bilo kakvo kr\u0161enje ovih uvjeta koje mo\u017ee imati za posljedicu povrede autorskih prava, prava \u017eiga ili prava kojeg drugog oblika intelektualnog vlasni\u0161tva te mo\u017ee dovesti do pokretanja gra\u0111anskih ili trgova\u010dkih postupaka i\/ili do kaznenog progona protiv po\u010dinitelja.<\/p>\n<p>Ove internetske stranice sadr\u017ee materijale za\u0161ti\u0107ene autorskim pravom, \u017eigom, dizajnom te druge informacije koje su pokrivene drugim pravima fizi\u010dkih ili pravnih osoba, uklju\u010duju\u0107i, ali bez ograni\u010denja na, tekstove, softver, fotografije, video materijale, grafiku, glazbu, zvuk, kao i cijeli sadr\u017eaj internetskih stranica, a u skladu s propisima Republike Hrvatske.<\/p>\n<p>Nije dozvoljeno kopiranje, redistribucija, ponovni prijenos, izdavanje ili komercijalno iskori\u0161tavanje preuzetog materijala bez izri\u010ditog pismenog odobrenja nositelja autorskog prava.<\/p>\n<p><strong>5. Izjava o jamstvu i ograni\u010denje odgovornosti<\/strong><\/p>\n<p>Krajnji se korisnik izri\u010dito sla\u017ee da je kori\u0161tenje ovih internetskih stranica isklju\u010divo na odgovornost krajnjeg korisnika.<\/p>\n<p>Ova izjava o odgovornosti odnosi se na sve \u0161tete ili mogu\u0107e ozljede uzrokovane bilo kakvim lo\u0161im osobinama, gre\u0161kom, izuze\u0107em, prekidom, brisanjem, kvarom, ka\u0161njenjem u radu ili prijenosu, ra\u010dunalnim virusom, prekidom u komunikacijskoj liniji, kra\u0111om, uni\u0161tenjem ili neovla\u0161tenim pristupom, promjenama ili zlouporabom zapisa, raskidom ugovora, neprikladnim pona\u0161anjem, nemarom ili bilo kakvom drugom radnjom.<\/p>\n<p>Krajnji korisnik izri\u010dito potvr\u0111uje da tvrtka Produkcija studio C.P.G. d.o.o. nije odgovorna za uvredljivo, neprikladno ili protuzakonito pona\u0161anje drugih korisnika ili tre\u0107ih strana te da rizik od \u0161teta koji mo\u017ee nastati kao posljedica navedenog u potpunosti le\u017ei na krajnjem korisniku.<\/p>\n<p>Ni u kojem slu\u010daju tvrtka Produkcija studio C.P.G. d.o.o., druga fizi\u010dka ili pravna osoba uklju\u010dena u stvaranje, proizvodnju ili distribuciju ovih internetskih stranica ili s njima povezanog sadr\u017eaja, kao i bilo koji softver, ne\u0107e biti odgovorni za bilo kakvu \u0161tetu koja mo\u017ee nastati kao posljedica kori\u0161tenja ili zbog nemogu\u0107nosti kori\u0161tenja ovih internetskih stranica.<\/p>\n<p>Krajnji korisnik izri\u010dito potvr\u0111uje da se uvjeti ovog poglavlja odnose na cjelokupan sadr\u017eaj ovih internetskih stranica.<\/p>\n<p><strong>6. Privatnost<\/strong><\/p>\n<p>Krajnji korisnik potvr\u0111uje da su sve diskusije ocjene, komentari, privatne poruke, chat sobe i\/ili drugi na\u010dini slanja poruka ili me\u0111usobnog komuniciranja (u tekstu dalje \u2013 Zajednice) javne, a ne privatne prirode i da stoga djelatnici Produkcija Studio C.P.G. d.o.o. mogu nadzirati, koristiti i isklju\u010divati komunikacije krajnjih korisnika bez njihovog znanja i eksplicitnog dopu\u0161tenja.<\/p>\n<p>Sjedi\u0161te tvrtke Produkcija Studio C.P.G. d.o.o. je u Zagrebu, u Republici Hrvatskoj.<\/p>\n<p>Pravni sporovi koji mogu nastati, kao posljedica kori\u0161tenja ovih internetskih stranica (osim ako posebnim ugovorom nije druga\u010dije navedeno) u nadle\u017enosti su suda u Zagrebu i rje\u0161avaju se u skladu s pozitivnim propisima Republike Hrvatske.<\/p>\n<p>Kori\u0161tenjem ovih internetskih stranica krajnji korisnik pristaje da je bilo koji spor ili zahtjev, proiza\u0161ao iz ili koji je u vezi s ovim Uvjetima ili u vezi s njihovim provo\u0111enjem, u nadle\u017enosti suda u Zagrebu.<\/p>\t\t\t\t\t\t\t\t<\/div>\n\t\t\t\t<\/div>\n\t\t\t\t\t<\/div>\n\t\t<\/div>\n\t\t\t\t\t<\/div>\n\t\t<\/section>\n\t\t\t\t<\/div>","protected":false},"excerpt":{"rendered":"<p>1. Op\u0107enito Produkcija Studio C.P.G. d.o.o. online pru\u017ea uslugu putem internet stranica na domeni https:\/\/cpg.studio\/. Usluga se sastoji od pretra\u017eivanja, slu\u0161anja, glazbenih sadr\u017eaja koji se nalaze na internet stranici. Krajnji korisnik ima mogu\u0107nost preslu\u0161avanja dijela glazbene kolekcije dostupne na internet stranici bez sklapanja ugovora s Produkcijom Studio C.P.G. d.o.o. Radi kori\u0161tenja internet stranice u punom [&hellip;]<\/p>\n","protected":false},"author":2,"featured_media":0,"parent":0,"menu_order":0,"comment_status":"closed","ping_status":"closed","template":"","meta":{"om_disable_all_campaigns":false,"_monsterinsights_skip_tracking":false,"_monsterinsights_sitenote_active":false,"_monsterinsights_sitenote_note":"","_monsterinsights_sitenote_category":0,"site-sidebar-layout":"no-sidebar","site-content-layout":"page-builder","ast-site-content-layout":"default","site-content-style":"default","site-sidebar-style":"default","ast-global-header-display":"","ast-banner-title-visibility":"","ast-main-header-display":"","ast-hfb-above-header-display":"","ast-hfb-below-header-display":"","ast-hfb-mobile-header-display":"","site-post-title":"disabled","ast-breadcrumbs-content":"","ast-featured-img":"disabled","footer-sml-layout":"","ast-disable-related-posts":"","theme-transparent-header-meta":"","adv-header-id-meta":"","stick-header-meta":"","header-above-stick-meta":"","header-main-stick-meta":"","header-below-stick-meta":"","astra-migrate-meta-layouts":"default","ast-page-background-enabled":"default","ast-page-background-meta":{"desktop":{"background-color":"var(--ast-global-color-4)","background-image":"","background-repeat":"repeat","background-position":"center center","background-size":"auto","background-attachment":"scroll","background-type":"","background-media":"","overlay-type":"","overlay-color":"","overlay-opacity":"","overlay-gradient":""},"tablet":{"background-color":"","background-image":"","background-repeat":"repeat","background-position":"center center","background-size":"auto","background-attachment":"scroll","background-type":"","background-media":"","overlay-type":"","overlay-color":"","overlay-opacity":"","overlay-gradient":""},"mobile":{"background-color":"","background-image":"","background-repeat":"repeat","background-position":"center center","background-size":"auto","background-attachment":"scroll","background-type":"","background-media":"","overlay-type":"","overlay-color":"","overlay-opacity":"","overlay-gradient":""}},"ast-content-background-meta":{"desktop":{"background-color":"var(--ast-global-color-5)","background-image":"","background-repeat":"repeat","background-position":"center center","background-size":"auto","background-attachment":"scroll","background-type":"","background-media":"","overlay-type":"","overlay-color":"","overlay-opacity":"","overlay-gradient":""},"tablet":{"background-color":"var(--ast-global-color-5)","background-image":"","background-repeat":"repeat","background-position":"center center","background-size":"auto","background-attachment":"scroll","background-type":"","background-media":"","overlay-type":"","overlay-color":"","overlay-opacity":"","overlay-gradient":""},"mobile":{"background-color":"var(--ast-global-color-5)","background-image":"","background-repeat":"repeat","background-position":"center center","background-size":"auto","background-attachment":"scroll","background-type":"","background-media":"","overlay-type":"","overlay-color":"","overlay-opacity":"","overlay-gradient":""}},"footnotes":""},"class_list":["post-34","page","type-page","status-publish","hentry"],"aioseo_notices":[],"_links":{"self":[{"href":"https:\/\/cpg.studio\/sl\/wp-json\/wp\/v2\/pages\/34","targetHints":{"allow":["GET"]}}],"collection":[{"href":"https:\/\/cpg.studio\/sl\/wp-json\/wp\/v2\/pages"}],"about":[{"href":"https:\/\/cpg.studio\/sl\/wp-json\/wp\/v2\/types\/page"}],"author":[{"embeddable":true,"href":"https:\/\/cpg.studio\/sl\/wp-json\/wp\/v2\/users\/2"}],"replies":[{"embeddable":true,"href":"https:\/\/cpg.studio\/sl\/wp-json\/wp\/v2\/comments?post=34"}],"version-history":[{"count":0,"href":"https:\/\/cpg.studio\/sl\/wp-json\/wp\/v2\/pages\/34\/revisions"}],"wp:attachment":[{"href":"https:\/\/cpg.studio\/sl\/wp-json\/wp\/v2\/media?parent=34"}],"curies":[{"name":"wp","href":"https:\/\/api.w.org\/{rel}","templated":true}]}}